{"id":781,"date":"2017-03-11T10:00:04","date_gmt":"2017-03-11T10:00:04","guid":{"rendered":"https:\/\/www.standout-watch.com\/?page_id=781\/"},"modified":"2017-11-17T15:48:19","modified_gmt":"2017-11-17T14:48:19","slug":"sow-home","status":"publish","type":"page","link":"https:\/\/www.standout-watch.com\/fr\/","title":{"rendered":"Sow Home Fr"},"content":{"rendered":"<\/div><\/div><\/div><!-- close content main div --><\/div><\/div><div id='full_slider_1' class='avia-fullwidth-slider main_color avia-shadow    container_wrap fullsize'   ><div  data-size='featured_large'  data-lightbox_size='large'  data-animation='fade'  data-ids='548,806,947,808,712'  data-video_counter='0'  data-autoplay='true'  data-bg_slider='false'  data-slide_height=''  data-handle='av_slideshow_full'  data-interval='5'  data-class=' image_no_stretch'  data-css_id=''  data-scroll_down=''  data-control_layout='av-control-default'  data-custom_markup=''  data-perma_caption=''  data-autoplay_stopper=''  data-image_attachment=''  data-min_height='0px'  data-src=''  data-position='top left'  data-repeat='no-repeat'  data-attach='scroll'  data-stretch='image_no_stretch'  data-default-height='42'  class='avia-slideshow avia-slideshow-1  av-control-default av-default-height-applied avia-slideshow-featured_large av_slideshow_full  image_no_stretch avia-fade-slider '  itemscope=\"itemscope\" itemtype=\"https:\/\/schema.org\/ImageObject\" ><ul class='avia-slideshow-inner' style='padding-bottom: 42%;'><li  class=' slide-1 ' ><div data-rel='slideshow-1' class='avia-slide-wrap'  ><div class = \"caption_fullwidth av-slideshow-caption caption_right\"><div class = \"container caption_container\"><div class = \"slideshow_caption\"><div class = \"slideshow_inner_caption\"><div class = \"slideshow_align_caption\"><h2  style='font-size:45px; ' class='avia-caption-title '  itemprop=\"name\" >Understated Elegance<\/h2><div class='avia-caption-content  av_inherit_color'  itemprop=\"description\"   style='font-size:17px; '><p>Sky Collection \u2013 ST1\/03<\/p>\n<\/div><a href='https:\/\/www.standout-watch.com\/fr\/produit\/st103\/'  class='avia-slideshow-button avia-button avia-color-light ' data-duration='800' data-easing='easeInOutQuad'>Voir<\/a><\/div><\/div><\/div><\/div><\/div><img src='https:\/\/www.standout-watch.com\/wp-content\/uploads\/2017\/03\/montreAngle-1500x630.png' width='1500' height='630' title='montreAngle' alt=''  itemprop=\"thumbnailUrl\"   \/><\/div><\/li><li  class=' slide-2 ' ><div data-rel='slideshow-1' class='avia-slide-wrap'  ><div class = \"caption_fullwidth av-slideshow-caption caption_left\"><div class = \"container caption_container\"><div class = \"slideshow_caption\"><div class = \"slideshow_inner_caption\"><div class = \"slideshow_align_caption\"><h2  class='avia-caption-title '  itemprop=\"name\" >Chic<\/h2><div class='avia-caption-content  '  itemprop=\"description\"  ><p>Sky Collection \u2013 ST1\/06<\/p>\n<\/div><a href='https:\/\/www.standout-watch.com\/fr\/produit\/st106\/'  class='avia-slideshow-button avia-button avia-color-light ' data-duration='800' data-easing='easeInOutQuad'>Voir<\/a><\/div><\/div><\/div><\/div><\/div><img src='https:\/\/www.standout-watch.com\/wp-content\/uploads\/2017\/03\/slider2-2.jpg' width='1500' height='630' title='slider2' alt=''  itemprop=\"thumbnailUrl\"   \/><\/div><\/li><li  class=' slide-3 ' ><div data-rel='slideshow-1' class='avia-slide-wrap'  ><div class = \"caption_fullwidth av-slideshow-caption caption_left\"><div class = \"container caption_container\"><div class = \"slideshow_caption\"><div class = \"slideshow_inner_caption\"><div class = \"slideshow_align_caption\"><h2  class='avia-caption-title '  itemprop=\"name\" >Time Pieces<\/h2><div class='avia-caption-content  '  itemprop=\"description\"  ><p>Sky Collection \u2013 ST1\/02<\/p>\n<\/div><a href='https:\/\/www.standout-watch.com\/fr\/produit\/st102\/'  class='avia-slideshow-button avia-button avia-color-light ' data-duration='800' data-easing='easeInOutQuad'>Voir<\/a><\/div><\/div><\/div><\/div><\/div><img src='https:\/\/www.standout-watch.com\/wp-content\/uploads\/2017\/03\/slider5.jpg' width='1500' height='630' title='slider5' alt=''  itemprop=\"thumbnailUrl\"   \/><\/div><\/li><li  class=' slide-4 ' ><div data-rel='slideshow-1' class='avia-slide-wrap'  ><div class = \"caption_fullwidth av-slideshow-caption caption_left\"><div class = \"container caption_container\"><div class = \"slideshow_caption\"><div class = \"slideshow_inner_caption\"><div class = \"slideshow_align_caption\"><h2  class='avia-caption-title '  itemprop=\"name\" >Sport<\/h2><div class='avia-caption-content  '  itemprop=\"description\"  ><p>Sky Collection \u2013 ST1\/01<\/p>\n<\/div><a href='https:\/\/www.standout-watch.com\/fr\/produit\/st101\/'  class='avia-slideshow-button avia-button avia-color-light ' data-duration='800' data-easing='easeInOutQuad'>Voir<\/a><\/div><\/div><\/div><\/div><\/div><img src='https:\/\/www.standout-watch.com\/wp-content\/uploads\/2017\/03\/slider3-2.jpg' width='1500' height='630' title='slider3' alt=''  itemprop=\"thumbnailUrl\"   \/><\/div><\/li><li  class=' slide-5 ' ><div data-rel='slideshow-1' class='avia-slide-wrap'  ><div class = \"caption_fullwidth av-slideshow-caption caption_left\"><div class = \"container caption_container\"><div class = \"slideshow_caption\"><div class = \"slideshow_inner_caption\"><div class = \"slideshow_align_caption\"><h2  class='avia-caption-title '  itemprop=\"name\" >Swiss Assembled<\/h2><div class='avia-caption-content  '  itemprop=\"description\"  ><p>Sky Collection \u2013 ST1\/05<\/p>\n<\/div><a href='https:\/\/www.standout-watch.com\/fr\/produit\/st105\/'  class='avia-slideshow-button avia-button avia-color-light ' data-duration='800' data-easing='easeInOutQuad'>Voir<\/a><\/div><\/div><\/div><\/div><\/div><img src='https:\/\/www.standout-watch.com\/wp-content\/uploads\/2017\/03\/slider4.jpg' width='1500' height='630' title='slider4' alt=''  itemprop=\"thumbnailUrl\"   \/><\/div><\/li><\/ul><div class='avia-slideshow-arrows avia-slideshow-controls'><a href='#prev' class='prev-slide' aria-hidden='true' data-av_icon='\ue87c' data-av_iconfont='entypo-fontello'>Pr\u00e9c\u00e9dent<\/a><a href='#next' class='next-slide' aria-hidden='true' data-av_icon='\ue87d' data-av_iconfont='entypo-fontello'>Suivant<\/a><\/div><div class='avia-slideshow-dots avia-slideshow-controls'><a href='#1' class='goto-slide active' >1<\/a><a href='#2' class='goto-slide ' >2<\/a><a href='#3' class='goto-slide ' >3<\/a><a href='#4' class='goto-slide ' >4<\/a><a href='#5' class='goto-slide ' >5<\/a><\/div><\/div><\/div>\n<\/div><\/div><\/div><!-- close content main div --><\/div><\/div><div id='after-slider' class='avia-section main_color avia-section-no-padding avia-no-border-styling avia-bg-style-scroll   container_wrap fullsize' style = 'background-color: #000000; background-repeat: no-repeat; background-image: url(https:\/\/www.standout-watch.com\/wp-content\/uploads\/2017\/03\/bande.jpg); background-attachment: scroll; background-position: center center; ' data-section-bg-repeat='no-repeat' ><div class='container' ><div class='template-page content  av-content-full alpha units'><div class='post-entry post-entry-type-page post-entry-781'><div class='entry-content-wrapper clearfix'>\n<\/div><\/div><\/div><!-- close content main div --><\/div><\/div><div id='home-title-first' class='avia-section main_color avia-section-huge avia-no-shadow avia-bg-style-scroll    container_wrap fullsize'   ><div class='container' ><div class='template-page content  av-content-full alpha units'><div class='post-entry post-entry-type-page post-entry-781'><div class='entry-content-wrapper clearfix'>\n<section class=\"av_textblock_section \"  itemscope=\"itemscope\" itemtype=\"https:\/\/schema.org\/CreativeWork\" ><div class='avia_textblock  '  style='font-size:22px; '  itemprop=\"text\" ><p><strong>CHOOSE TO STANDOUT<\/strong><\/p>\n<\/div><\/section>\n<section class=\"av_textblock_section \"  itemscope=\"itemscope\" itemtype=\"https:\/\/schema.org\/CreativeWork\" ><div class='avia_textblock  '   itemprop=\"text\" ><p style=\"text-align: left\">L&rsquo;\u00e9l\u00e9gance c&rsquo;est la dignit\u00e9, la classe, la gr\u00e2ce et la confiance en soi.<\/p>\n<p style=\"text-align: left\">L&rsquo;\u00e9l\u00e9gance pourrait \u00eatre le luxe, mais le luxe n&rsquo;est pas toujours synonyme d&rsquo;\u00e9l\u00e9gance.<\/p>\n<p style=\"text-align: left\">Le luxe est acquis car il est plus superficiel. L&rsquo;\u00e9l\u00e9gance est non seulement acquise mais aussi inn\u00e9e.<\/p>\n<p style=\"text-align: left\">C&rsquo;est myst\u00e9rieux, c&rsquo;est tentant et invite chacun \u00e0 regarder de plus pr\u00e8s.<\/p>\n<\/div><\/section>\n\n<div class='avia-image-container avia_animated_image avia_animate_when_almost_visible left-to-right av-styling-     avia-align- '  itemscope=\"itemscope\" itemtype=\"https:\/\/schema.org\/ImageObject\"  ><div class='avia-image-container-inner'><img class='avia_image ' src='https:\/\/www.standout-watch.com\/wp-content\/uploads\/2017\/03\/470-653-2.jpg' alt='' title='470 653'   itemprop=\"thumbnailUrl\"  \/><\/div><\/div>\n\n<\/div><\/div><\/div><!-- close content main div --><\/div><\/div><div id='home-title-second' class='avia-section main_color avia-section-default avia-no-shadow avia-bg-style-scroll   container_wrap fullsize' style = 'background-color: #b5b5b5; background-repeat: no-repeat; background-image: url(https:\/\/www.standout-watch.com\/wp-content\/uploads\/2017\/03\/gris-s.jpg); background-attachment: scroll; background-position: top left; ' data-section-bg-repeat='no-repeat' ><div class='container' ><div class='template-page content  av-content-full alpha units'><div class='post-entry post-entry-type-page post-entry-781'><div class='entry-content-wrapper clearfix'>\n<div style='padding-bottom:10px;' class='av-special-heading av-special-heading-h2     '><h2 class='av-special-heading-tag '  itemprop=\"headline\"  > <\/h2><div class='special-heading-border'><div class='special-heading-inner-border' ><\/div><\/div><\/div>\n<div class='avia-image-container avia_animated_image avia_animate_when_almost_visible right-to-left av-styling-     avia-align-right '  itemscope=\"itemscope\" itemtype=\"https:\/\/schema.org\/ImageObject\"  ><div class='avia-image-container-inner'><img class='avia_image ' src='https:\/\/www.standout-watch.com\/wp-content\/uploads\/2017\/03\/750-500.jpg' alt='' title='750 500'   itemprop=\"thumbnailUrl\"  \/><\/div><\/div>\n\n<\/div><\/div><\/div><!-- close content main div --><\/div><\/div><div id='home-title-third' class='avia-section main_color avia-section-default avia-no-border-styling avia-bg-style-scroll    container_wrap fullsize'   ><div class='container' ><div class='template-page content  av-content-full alpha units'><div class='post-entry post-entry-type-page post-entry-781'><div class='entry-content-wrapper clearfix'>\n\n<div class='avia-image-container avia_animated_image avia_animate_when_almost_visible left-to-right av-styling-     avia-align- '  itemscope=\"itemscope\" itemtype=\"https:\/\/schema.org\/ImageObject\"  ><div class='avia-image-container-inner'><img class='avia_image ' src='https:\/\/www.standout-watch.com\/wp-content\/uploads\/2017\/03\/750-500-2.jpg' alt='' title='750 500 2'   itemprop=\"thumbnailUrl\"  \/><\/div><\/div>\n\n<\/div><\/div><\/div><!-- close content main div --><\/div><\/div><div id='home-product-grid' class='avia-section main_color avia-section-default avia-no-shadow avia-bg-style-scroll   container_wrap fullsize'   ><div class='container' ><div class='template-page content  av-content-full alpha units'><div class='post-entry post-entry-type-page post-entry-781'><div class='entry-content-wrapper clearfix'>\n<div style='padding-bottom:30px;' class='av-special-heading av-special-heading-h2  blockquote modern-quote   '><h2 class='av-special-heading-tag '  itemprop=\"headline\"  >Produits<\/h2><div class='special-heading-border'><div class='special-heading-inner-border' ><\/div><\/div><\/div>\n<div class='aviaccordion aviaccordion-title-active ' style='max-height:675px' data-av-maxheight='675' data-autoplay='true' data-interval='3'   itemscope=\"itemscope\" itemtype=\"https:\/\/schema.org\/Blog\" ><ul class='aviaccordion-inner'><li class='aviaccordion-slide aviaccordion-slide-1' style='left:0%' data-av-left='0'  itemscope=\"itemscope\" itemtype=\"https:\/\/schema.org\/CreativeWork\" ><a class='aviaccordion-slide-link noHover' href='https:\/\/www.standout-watch.com\/fr\/produit\/st101\/' ><div class='aviaccordion-preview  ' style='width:15.1%'><div class='aviaccordion-preview-title-pos'><div class='aviaccordion-preview-title-wrap'><div class='aviaccordion-preview-title'><h3 class='aviaccordion-title '  itemprop=\"headline\"  >ST1\/01<\/h3><\/div><\/div><\/div><\/div><img width=\"450\" height=\"675\" src=\"https:\/\/www.standout-watch.com\/wp-content\/uploads\/2017\/03\/SC1776AV2_inserts-square-450x675.jpg\" class=\"aviaccordion-image\" alt=\"\" loading=\"lazy\" \/><\/a><\/li><li class='aviaccordion-slide aviaccordion-slide-2' style='left:14.285714285714%' data-av-left='14.285714285714'  itemscope=\"itemscope\" itemtype=\"https:\/\/schema.org\/CreativeWork\" ><a class='aviaccordion-slide-link noHover' href='https:\/\/www.standout-watch.com\/fr\/produit\/st102\/' ><div class='aviaccordion-preview  ' style='width:15.1%'><div class='aviaccordion-preview-title-pos'><div class='aviaccordion-preview-title-wrap'><div class='aviaccordion-preview-title'><h3 class='aviaccordion-title '  itemprop=\"headline\"  >ST1\/02<\/h3><\/div><\/div><\/div><\/div><img width=\"450\" height=\"675\" src=\"https:\/\/www.standout-watch.com\/wp-content\/uploads\/2017\/03\/SC1776AV2A_inserts-square-450x675.jpg\" class=\"aviaccordion-image\" alt=\"\" loading=\"lazy\" \/><\/a><\/li><li class='aviaccordion-slide aviaccordion-slide-3' style='left:28.571428571429%' data-av-left='28.571428571429'  itemscope=\"itemscope\" itemtype=\"https:\/\/schema.org\/CreativeWork\" ><a class='aviaccordion-slide-link noHover' href='https:\/\/www.standout-watch.com\/fr\/produit\/st103\/' ><div class='aviaccordion-preview  ' style='width:15.1%'><div class='aviaccordion-preview-title-pos'><div class='aviaccordion-preview-title-wrap'><div class='aviaccordion-preview-title'><h3 class='aviaccordion-title '  itemprop=\"headline\"  >ST1\/03<\/h3><\/div><\/div><\/div><\/div><img width=\"450\" height=\"675\" src=\"https:\/\/www.standout-watch.com\/wp-content\/uploads\/2017\/03\/SC1776AV3b_inserts-square-450x675.jpg\" class=\"aviaccordion-image\" alt=\"\" loading=\"lazy\" \/><\/a><\/li><li class='aviaccordion-slide aviaccordion-slide-4' style='left:42.857142857143%' data-av-left='42.857142857143'  itemscope=\"itemscope\" itemtype=\"https:\/\/schema.org\/CreativeWork\" ><a class='aviaccordion-slide-link noHover' href='https:\/\/www.standout-watch.com\/fr\/produit\/st104\/' ><div class='aviaccordion-preview  ' style='width:15.1%'><div class='aviaccordion-preview-title-pos'><div class='aviaccordion-preview-title-wrap'><div class='aviaccordion-preview-title'><h3 class='aviaccordion-title '  itemprop=\"headline\"  >ST1\/04<\/h3><\/div><\/div><\/div><\/div><img width=\"450\" height=\"675\" src=\"https:\/\/www.standout-watch.com\/wp-content\/uploads\/2017\/03\/SC1776AV4_inserts-square-450x675.jpg\" class=\"aviaccordion-image\" alt=\"\" loading=\"lazy\" \/><\/a><\/li><li class='aviaccordion-slide aviaccordion-slide-5' style='left:57.142857142857%' data-av-left='57.142857142857'  itemscope=\"itemscope\" itemtype=\"https:\/\/schema.org\/CreativeWork\" ><a class='aviaccordion-slide-link noHover' href='https:\/\/www.standout-watch.com\/fr\/produit\/st105\/' ><div class='aviaccordion-preview  ' style='width:15.1%'><div class='aviaccordion-preview-title-pos'><div class='aviaccordion-preview-title-wrap'><div class='aviaccordion-preview-title'><h3 class='aviaccordion-title '  itemprop=\"headline\"  >ST1\/05<\/h3><\/div><\/div><\/div><\/div><img width=\"450\" height=\"675\" src=\"https:\/\/www.standout-watch.com\/wp-content\/uploads\/2017\/03\/SC1776AV5C_inserts-square-450x675.jpg\" class=\"aviaccordion-image\" alt=\"\" loading=\"lazy\" \/><\/a><\/li><li class='aviaccordion-slide aviaccordion-slide-6' style='left:71.428571428571%' data-av-left='71.428571428571'  itemscope=\"itemscope\" itemtype=\"https:\/\/schema.org\/CreativeWork\" ><a class='aviaccordion-slide-link noHover' href='https:\/\/www.standout-watch.com\/fr\/produit\/st106\/' ><div class='aviaccordion-preview  ' style='width:15.1%'><div class='aviaccordion-preview-title-pos'><div class='aviaccordion-preview-title-wrap'><div class='aviaccordion-preview-title'><h3 class='aviaccordion-title '  itemprop=\"headline\"  >ST1\/06<\/h3><\/div><\/div><\/div><\/div><img width=\"450\" height=\"675\" src=\"https:\/\/www.standout-watch.com\/wp-content\/uploads\/2017\/03\/SC1776AV6C_inserts-square-450x675.jpg\" class=\"aviaccordion-image\" alt=\"\" loading=\"lazy\" \/><\/a><\/li><li class='aviaccordion-slide aviaccordion-slide-7' style='left:85.714285714286%' data-av-left='85.714285714286'  itemscope=\"itemscope\" itemtype=\"https:\/\/schema.org\/CreativeWork\" ><a class='aviaccordion-slide-link noHover' href='https:\/\/www.standout-watch.com\/fr\/produit\/st107\/' ><div class='aviaccordion-preview  ' style='width:15.1%'><div class='aviaccordion-preview-title-pos'><div class='aviaccordion-preview-title-wrap'><div class='aviaccordion-preview-title'><h3 class='aviaccordion-title '  itemprop=\"headline\"  >ST1\/07<\/h3><\/div><\/div><\/div><\/div><img width=\"450\" height=\"675\" src=\"https:\/\/www.standout-watch.com\/wp-content\/uploads\/2017\/03\/ST107-inserts-square-450x675.jpg\" class=\"aviaccordion-image\" alt=\"\" loading=\"lazy\" \/><\/a><\/li><\/ul><div class='aviaccordion-spacer' style='padding-bottom:150%'><\/div><\/div>\n<div  class='hr hr-default  '><span class='hr-inner ' ><span class='hr-inner-style'><\/span><\/span><\/div>\n<div class='avia-button-wrap avia-button-center  '><a href='https:\/\/www.standout-watch.com\/fr\/boutique\/' class='avia-button   avia-icon_select-no avia-color-theme-color avia-size-medium avia-position-center '   ><span class='avia_iconbox_title' >Voir toute la collection<\/span><\/a><\/div>\n\n","protected":false},"excerpt":{"rendered":"","protected":false},"author":2,"featured_media":0,"parent":0,"menu_order":0,"comment_status":"closed","ping_status":"closed","template":"","meta":[],"_links":{"self":[{"href":"https:\/\/www.standout-watch.com\/fr\/wp-json\/wp\/v2\/pages\/781"}],"collection":[{"href":"https:\/\/www.standout-watch.com\/fr\/wp-json\/wp\/v2\/pages"}],"about":[{"href":"https:\/\/www.standout-watch.com\/fr\/wp-json\/wp\/v2\/types\/page"}],"author":[{"embeddable":true,"href":"https:\/\/www.standout-watch.com\/fr\/wp-json\/wp\/v2\/users\/2"}],"replies":[{"embeddable":true,"href":"https:\/\/www.standout-watch.com\/fr\/wp-json\/wp\/v2\/comments?post=781"}],"version-history":[{"count":59,"href":"https:\/\/www.standout-watch.com\/fr\/wp-json\/wp\/v2\/pages\/781\/revisions"}],"predecessor-version":[{"id":1169,"href":"https:\/\/www.standout-watch.com\/fr\/wp-json\/wp\/v2\/pages\/781\/revisions\/1169"}],"wp:attachment":[{"href":"https:\/\/www.standout-watch.com\/fr\/wp-json\/wp\/v2\/media?parent=781"}],"curies":[{"name":"wp","href":"https:\/\/api.w.org\/{rel}","templated":true}]}}