{"id":828,"date":"2017-07-03T14:57:14","date_gmt":"2017-07-03T12:57:14","guid":{"rendered":"https:\/\/www.standout-watch.com\/international-warranty\/"},"modified":"2017-09-09T21:41:17","modified_gmt":"2017-09-09T19:41:17","slug":"garantie-internationale","status":"publish","type":"page","link":"https:\/\/www.standout-watch.com\/fr\/garantie-internationale\/","title":{"rendered":"Garantie internationale"},"content":{"rendered":"<div class=\"flex_column av_one_full  flex_column_div av-zero-column-padding first  \" style='border-radius:0px; '><div style='padding-bottom:120px;' class='av-special-heading av-special-heading-h1     '><h1 class='av-special-heading-tag '  itemprop=\"headline\"  >Garantie internationale<\/h1><div class='special-heading-border'><div class='special-heading-inner-border' ><\/div><\/div><\/div><\/div><section class=\"av_textblock_section \"  itemscope=\"itemscope\" itemtype=\"https:\/\/schema.org\/CreativeWork\" ><div class='avia_textblock  '   itemprop=\"text\" ><p>Les <a href=\"\/fr\/\">Montres Standout<\/a> b\u00e9n\u00e9ficient d\u2019une garantie de 2 ans, valable \u00e0 partir de la date d\u2019acquisition, contre tout d\u00e9faut de mat\u00e9riaux ou de fabrication.<\/p>\n<p>La soci\u00e9t\u00e9 r\u00e9parera gratuitement tous d\u00e9fauts r\u00e9sultant d\u2019un vice de fabrication ou de d\u00e9fectuosit\u00e9 d\u2019un mat\u00e9riau. La pr\u00e9sente garantie couvre tant les pi\u00e8ces que la main d\u2019\u0153uvre.<\/p>\n<p>Cette garantie ne couvre pas:<\/p>\n<ul>\n<li>Les dommages caus\u00e9s au verre, ainsi qu\u2019au bracelet<\/li>\n<li>Les dommages caus\u00e9s au bo\u00eetier et au mouvement qui seraient dus \u00e0 l\u2019humidit\u00e9 qui y aurait p\u00e9n\u00e9tr\u00e9 \u00e0 la suite d\u2019une erreur de manipulation<\/li>\n<li>Les dommages r\u00e9sultant d\u2019un usage inappropri\u00e9, d\u2019une erreur de manipulation ou de traitement, d\u2019un manqu\u00e9 de soin ou d\u2019un accident<\/li>\n<li>Les dommages r\u00e9sultant d\u2019un usage normal de la montre<\/li>\n<li>Toute perte d\u2019\u00e9tanch\u00e9it\u00e9 survenant apr\u00e8s douze mois, d\u00e8s la date d\u2019achat<\/li>\n<li>Tout dommage indirect r\u00e9sultant notamment: de d\u00e9fauts, de l\u2019utilisation, de l\u2019inexactitude ou du non-fonctionnement de la montre<\/li>\n<\/ul>\n<p>La pr\u00e9sente garantie devient caduque par toute manipulation, service apr\u00e8s-vente ou r\u00e9paration du produit qui serait effectu\u00e9 par une personne n\u2019\u00e9tant pas d\u00fbment autoris\u00e9e par FT Swiss Creations SA.<\/p>\n<p>Pour \u00eatre valable, le certificat de garantie doit \u00eatre dat\u00e9 et d\u00fbment compl\u00e9t\u00e9 par un vendeur Standout autoris\u00e9.<\/p>\n<p>Si, par un malheureux hasard, il devait y avoir un probl\u00e8me avec votre montre Standout, vous voudrez bien rapporter le produit d\u00e9fectueux, accompagn\u00e9 de sa carte de garantie, \u00e0 l\u2019un des vendeurs agr\u00e9\u00e9s, ou exp\u00e9dier le produit d\u00e9fectueux \u2013 dans un emballage appropri\u00e9 par courrier recommand\u00e9 et assur\u00e9 en tant que valeur \u2013 chez un de nos services apr\u00e8s-vente.<\/p>\n<p>N\u2019oubliez surtout pas d\u2019inclure le certificat de garantie.<\/p>\n<\/div><\/section><\/p>\n","protected":false},"excerpt":{"rendered":"","protected":false},"author":2,"featured_media":0,"parent":0,"menu_order":0,"comment_status":"closed","ping_status":"closed","template":"","meta":[],"_links":{"self":[{"href":"https:\/\/www.standout-watch.com\/fr\/wp-json\/wp\/v2\/pages\/828"}],"collection":[{"href":"https:\/\/www.standout-watch.com\/fr\/wp-json\/wp\/v2\/pages"}],"about":[{"href":"https:\/\/www.standout-watch.com\/fr\/wp-json\/wp\/v2\/types\/page"}],"author":[{"embeddable":true,"href":"https:\/\/www.standout-watch.com\/fr\/wp-json\/wp\/v2\/users\/2"}],"replies":[{"embeddable":true,"href":"https:\/\/www.standout-watch.com\/fr\/wp-json\/wp\/v2\/comments?post=828"}],"version-history":[{"count":5,"href":"https:\/\/www.standout-watch.com\/fr\/wp-json\/wp\/v2\/pages\/828\/revisions"}],"predecessor-version":[{"id":1026,"href":"https:\/\/www.standout-watch.com\/fr\/wp-json\/wp\/v2\/pages\/828\/revisions\/1026"}],"wp:attachment":[{"href":"https:\/\/www.standout-watch.com\/fr\/wp-json\/wp\/v2\/media?parent=828"}],"curies":[{"name":"wp","href":"https:\/\/api.w.org\/{rel}","templated":true}]}}