{"id":860,"date":"2017-07-05T14:23:51","date_gmt":"2017-07-05T12:23:51","guid":{"rendered":"https:\/\/www.standout-watch.com\/?page_id=860\/"},"modified":"2017-08-14T23:29:53","modified_gmt":"2017-08-14T21:29:53","slug":"conditions-de-vente","status":"publish","type":"page","link":"https:\/\/www.standout-watch.com\/fr\/conditions-de-vente\/","title":{"rendered":"Conditions de vente"},"content":{"rendered":"<div style='padding-bottom:120px;' class='av-special-heading av-special-heading-h1     '><h1 class='av-special-heading-tag '  itemprop=\"headline\"  >Conditions de vente<\/h1><div class='special-heading-border'><div class='special-heading-inner-border' ><\/div><\/div><\/div>\n<section class=\"av_textblock_section \"  itemscope=\"itemscope\" itemtype=\"https:\/\/schema.org\/CreativeWork\" ><div class='avia_textblock  '   itemprop=\"text\" ><h2>Pr\u00e9ambule<\/h2>\n<p>Nous tenons \u00e0 proposer \u00e0 nos clients le meilleur service possible. Que vous ayez des questions au sujet de vos commandes, que vous ayez besoin d\u2019autres informations au sujet de nos produits, nous sommes \u00e0 votre disposition. Vous pouvez nous contacter en utilisant le <a href=\"\/fr\/contact\/\">formulaire de contact<\/a>.<\/p>\n<p>Ces conditions g\u00e9n\u00e9rales de ventes (CGV) r\u00e8glent les rapports entre vous, le client, et nous, FT Swiss Creations SA, \u00e0 qui appartient ce site internet (voir les <a href=\"\/fr\/mentions-legales\/\">mentions l\u00e9gales<\/a>).<\/p>\n<h2>Validit\u00e9 des conditions de vente<\/h2>\n<p>Ces conditions g\u00e9n\u00e9rales de vente sont valables d\u00e8s le 1er ao\u00fbt 2017, pour toutes les ventes effectu\u00e9es sur le site internet <a href=\"\/fr\/\">www.standout-watch.com<\/a>. Elles sont publi\u00e9es pour votre information et doivent \u00eatre accept\u00e9es avant la confirmation de commande. Il se peut que nous ayons \u00e0 les modifier dans le futur, dans ce cas, la date de la publication des CGV est la date d\u2019entr\u00e9e en vigueur.<\/p>\n<h2>Prix<\/h2>\n<p>Les prix sont indiqu\u00e9s en Francs Suisses (CHF) et en dollars am\u00e9ricains (USD). Nous n\u2019acceptons pas d\u2019autres devises pour l\u2019instant.<\/p>\n<p>Les prix indiqu\u00e9s sont les prix bruts, toutes taxes comprises pour des livraisons en Suisse et au Liechtenstein.<\/p>\n<p>Les prix n\u2019incluent pas\u00a0:<\/p>\n<ul>\n<li>Les frais de livraison<\/li>\n<li>Les taxes et les frais de d\u00e9douanement pour des livraisons dans des pays autres que la Suisse et le Liechtenstein. Pour connaitre ces frais et ces taxes, vous devez vous adresser aux autorit\u00e9s comp\u00e9tentes du pays de livraison.<\/li>\n<\/ul>\n<h2>M\u00e9thodes de paiement<\/h2>\n<p>La marchandise est livr\u00e9e uniquement contre paiement \u00e0 l\u2019avance. Nous acceptons les m\u00e9thodes de paiement avec PayPal, qui accepte un grand nombre de cartes de cr\u00e9dit ou l\u2019utilisation d\u2019un compte Paypal.<\/p>\n<h2>Livraison<\/h2>\n<p>La livraison est faite par Fedex. Les frais de livraisons sont offerts.<\/p>\n<h2>D\u00e9lai de livraison<\/h2>\n<p>Les colis sont envoy\u00e9s au plus tard 15 jours apr\u00e8s que nous ayons re\u00e7u le paiement complet de votre commande. La dur\u00e9e du transport d\u00e9pend ensuite du pays de livraison.<\/p>\n<h2>Annulation de commande<\/h2>\n<p>Les commandes peuvent \u00eatre annul\u00e9es sous les conditions suivantes.<\/p>\n<p>Si la commande est d\u00e9j\u00e0 envoy\u00e9e, nous avertir et nous renvoyer la marchandise \u00e0 l\u2019adresse que nous vous indiquerons. Les frais des exp\u00e9ditions ne seront alors pas rembours\u00e9s. Si votre commande n\u2019est pas encore envoy\u00e9e, nous avertir par email de votre souhait d\u2019annuler. Vous serez alors rembours\u00e9s sans frais.<\/p>\n<p>Si vous avez d\u00e9j\u00e0 re\u00e7u votre marchandise, vous disposez de 14 jours au plus pour nous retourner la marchandise, \u00e0 condition qu\u2019elle soit en bon \u00e9tat.<\/p>\n<h2>Droit de retour en cas de d\u00e9faut<\/h2>\n<p>Si la marchandise devait vous parvenir en mauvais \u00e9tat, vous disposez de 48h apr\u00e8s r\u00e9ception du colis pour nous le signaler. Au-del\u00e0 de ce d\u00e9lai, les r\u00e9clamations ne pourront plus \u00eatre accept\u00e9es.<\/p>\n<p>En cas de d\u00e9faut, veuillez prendre contact avec nous par le <a href=\"\/fr\/contact\/\">formulaire de contact<\/a> ou directement :<\/p>\n<p>Email: contact@standout-watch.com<br \/>\nT\u00e9l\u00a0: +41 (0)32\u00a0933 97 66<\/p>\n<h2>Conditions de retour<\/h2>\n<p>Vous disposez de 14 jours apr\u00e8s r\u00e9ception du produit pour retourner votre montre Standout.<\/p>\n<p>Les Montres Standout doivent \u00eatre retourn\u00e9es neuves et non utilis\u00e9es, en parfaite condition de marche, avec tout le mat\u00e9riel de protection et badges, ainsi que l\u2019\u00e9crin original Standout et tous les documents. FT Swiss Creations SA n\u2019acceptera aucun retour de produit ayant \u00e9t\u00e9 port\u00e9 ou montrant un quelconque signe d\u2019usure.<\/p>\n<p>Tous les retours seront soumis par FT Swiss Creations SA \u00e0 un Contr\u00f4le Qualit\u00e9 (CQ) rigoureux afin de s\u2019assurer que les produits restitu\u00e9s sont conformes aux exigences de qualit\u00e9<strong>.<\/strong><\/p>\n<p>Si le produit retourn\u00e9 satisfait aux normes de Contr\u00f4le Qualit\u00e9 (CQ), FT Swiss Creations SA proc\u00e8dera au remboursement ou \u00e0 l\u2019\u00e9change, selon le cas.<\/p>\n<p>Par s\u00e9curit\u00e9, nous vous recommandons de renvoyer votre montre dans un emballage appropri\u00e9 par courrier recommand\u00e9. Assurez-vous d\u2019indiquer votre nom, adresse et num\u00e9ro de t\u00e9l\u00e9phone dans le colis de retour. Les frais d\u2019envoi ne sont pas rembours\u00e9s.<\/p>\n<h2>Adresses de retour<\/h2>\n<h3>Pour l&rsquo;Europe<\/h3>\n<p>Reparalux S.A.S<br \/>\n8, rue Joseph Jacquard<br \/>\nParc Alpia<br \/>\nB.P. 1453<br \/>\n25007 Besan\u00e7on Cedex<br \/>\nT\u00e9l\u00a0: +33 3 81 50 23 87<\/p>\n<h3>Pour les Am\u00e9riques<\/h3>\n<p>The Swiss Clock<br \/>\n4703 Prescott Ave, Ste. B<br \/>\nLincoln, NE 68506<br \/>\nUSA<br \/>\nTel: 402-405-0788 \/ 402-557-0533<\/p>\n<h3>Pour la Suisse<\/h3>\n<p>FT Swiss Creations SA<br \/>\nBeau-Site 17<br \/>\n2400 Le Locle<br \/>\nT\u00e9l\u00a0: +41 32\u00a0933 97 66<\/p>\n<h2>Garantie<\/h2>\n<p>Les articles sont garantis 2 ans. Pour plus de d\u00e9tails, voir nos <a href=\"\/fr\/garantie-internationale\/\">conditions de garantie<\/a>.<\/p>\n<h2>For juridique en cas de litige<\/h2>\n<p>S\u2019il devait y avoir un litige, le for juridique est Neuch\u00e2tel, Suisse.<\/p>\n<\/div><\/section>\n","protected":false},"excerpt":{"rendered":"","protected":false},"author":2,"featured_media":0,"parent":0,"menu_order":0,"comment_status":"closed","ping_status":"closed","template":"","meta":[],"_links":{"self":[{"href":"https:\/\/www.standout-watch.com\/fr\/wp-json\/wp\/v2\/pages\/860"}],"collection":[{"href":"https:\/\/www.standout-watch.com\/fr\/wp-json\/wp\/v2\/pages"}],"about":[{"href":"https:\/\/www.standout-watch.com\/fr\/wp-json\/wp\/v2\/types\/page"}],"author":[{"embeddable":true,"href":"https:\/\/www.standout-watch.com\/fr\/wp-json\/wp\/v2\/users\/2"}],"replies":[{"embeddable":true,"href":"https:\/\/www.standout-watch.com\/fr\/wp-json\/wp\/v2\/comments?post=860"}],"version-history":[{"count":8,"href":"https:\/\/www.standout-watch.com\/fr\/wp-json\/wp\/v2\/pages\/860\/revisions"}],"predecessor-version":[{"id":1172,"href":"https:\/\/www.standout-watch.com\/fr\/wp-json\/wp\/v2\/pages\/860\/revisions\/1172"}],"wp:attachment":[{"href":"https:\/\/www.standout-watch.com\/fr\/wp-json\/wp\/v2\/media?parent=860"}],"curies":[{"name":"wp","href":"https:\/\/api.w.org\/{rel}","templated":true}]}}