{"id":978,"date":"2017-08-15T00:13:09","date_gmt":"2017-08-14T22:13:09","guid":{"rendered":"https:\/\/www.standout-watch.com\/?page_id=978\/"},"modified":"2017-09-07T15:24:33","modified_gmt":"2017-09-07T13:24:33","slug":"protection-des-donnees","status":"publish","type":"page","link":"https:\/\/www.standout-watch.com\/fr\/protection-des-donnees\/","title":{"rendered":"Protection des donn\u00e9es"},"content":{"rendered":"<div style='padding-bottom:120px;' class='av-special-heading av-special-heading-h1     '><h1 class='av-special-heading-tag '  itemprop=\"headline\"  >Protection des donn\u00e9es<\/h1><div class='special-heading-border'><div class='special-heading-inner-border' ><\/div><\/div><\/div>\n<section class=\"av_textblock_section \"  itemscope=\"itemscope\" itemtype=\"https:\/\/schema.org\/CreativeWork\" ><div class='avia_textblock  '   itemprop=\"text\" ><p>Etant donn\u00e9 que nous r\u00e9coltons des donn\u00e9es personnelles, nous sommes soumis \u00e0 la loi suisse sur la protection des donn\u00e9es (LPD du 19 juin 1992).<\/p>\n<h2>Donn\u00e9es collect\u00e9es<\/h2>\n<p>Nous avons besoin des donn\u00e9es suivantes vous concernant :<\/p>\n<p>Adresse email et un mot de passe, ceci pour pouvoir vous identifier lors de votre visite sur le site internet <a href=\"http:\/\/www.standout-watch.com\">www.standout-watch.com<\/a>.<\/p>\n<p>Nom et pr\u00e9nom(s) complets (pas d\u2019initiales) et au moins une adresse, pour pouvoir vous identifier formellement et pouvoir vous envoyer vos commandes.<\/p>\n<p>Toutes les donn\u00e9es que nous collectons sont en rapport avec vos commandes, le paiement de votre commande et avec votre utilisation du site internet, et sont utilis\u00e9es uniquement dans le but de traiter vos commandes, et \u00e0 des fins statistiques, pour am\u00e9liorer ce site internet.<\/p>\n<p>Pour collecter ces donn\u00e9es, le site utilise des cookies.<\/p>\n<h2>Donn\u00e9es transmises \u00e0 des tiers<\/h2>\n<p>Seules les donn\u00e9es n\u00e9cessaires au traitement de la commande (paiement essentiellement) sont transmises \u00e0 des tiers.<\/p>\n<p>Nous collectons des donn\u00e9es anonymes d\u2019utilisation du site (pages visit\u00e9es, type d\u2019appareil) par l&rsquo;interm\u00e9diaire du service de statistique de Google, Google Analytics. Celui-ci nous sert pour suivre l\u2019\u00e9volution du site, de son utilisation, et pour am\u00e9liorer le service.<\/p>\n<p>Aucune autre donn\u00e9e n&rsquo;est transmise \u00e0 des tiers. Aucune donn\u00e9e n\u2019est vendue \u00e0 des tiers.<\/p>\n<h2>Acc\u00e8s \u00e0 vos donn\u00e9es<\/h2>\n<p>Vous pouvez en tout temps acc\u00e9der \u00e0 vos pages personnelles, et rectifier vos donn\u00e9es si n\u00e9cessaire.<\/p>\n<h2>Droit \u00e0 la suppression de vos donn\u00e9es<\/h2>\n<p>Vous pouvez aussi nous demander de supprimer votre compte client et les donn\u00e9es personnelles qu\u2019il contient (adresses email et adresse physiques). Nous le ferons alors volontiers. Veuillez noter que vos commandes et les informations y relatives (adresse de livraison \/ facturation, produits command\u00e9s, montant et paiement) seront conserv\u00e9es, car nous sommes oblig\u00e9s de conserver nos informations comptables pour une dur\u00e9e de 10 ans en cas de contr\u00f4le administratif (comptabilit\u00e9 et TVA).<\/p>\n<h2>Comment est assur\u00e9e la s\u00e9curit\u00e9 de vos donn\u00e9es<\/h2>\n<h3><strong>S\u00e9curisation de vos pages personnelles<\/strong><\/h3>\n<p>Toutes vos pages personnelles sont accessibles uniquement via un protocole de transfert s\u00e9curis\u00e9 (HTTPS) qui emp\u00eache les donn\u00e9es d\u2019\u00eatre lues lors de leur transfert.<\/p>\n<h3><strong>Stockage du site et de sa base de donn\u00e9es<\/strong><\/h3>\n<p>Toutes les donn\u00e9es vous concernant (votre identit\u00e9 et vos commandes) sont sauvegard\u00e9es sur des serveurs s\u00e9curis\u00e9s situ\u00e9s physiquement \u00e0 Gen\u00e8ve, en Suisse, g\u00e9r\u00e9s par une entreprise suisse, (Webnest). Vos mots de passes sont enregistr\u00e9s sous forme crypt\u00e9e dans la base de donn\u00e9es. Si vous avez des mots de passes forts, ceux-ci ne seront que tr\u00e8s difficilement d\u00e9codables.<\/p>\n<\/div><\/section>\n","protected":false},"excerpt":{"rendered":"","protected":false},"author":2,"featured_media":0,"parent":0,"menu_order":0,"comment_status":"closed","ping_status":"closed","template":"","meta":[],"_links":{"self":[{"href":"https:\/\/www.standout-watch.com\/fr\/wp-json\/wp\/v2\/pages\/978"}],"collection":[{"href":"https:\/\/www.standout-watch.com\/fr\/wp-json\/wp\/v2\/pages"}],"about":[{"href":"https:\/\/www.standout-watch.com\/fr\/wp-json\/wp\/v2\/types\/page"}],"author":[{"embeddable":true,"href":"https:\/\/www.standout-watch.com\/fr\/wp-json\/wp\/v2\/users\/2"}],"replies":[{"embeddable":true,"href":"https:\/\/www.standout-watch.com\/fr\/wp-json\/wp\/v2\/comments?post=978"}],"version-history":[{"count":4,"href":"https:\/\/www.standout-watch.com\/fr\/wp-json\/wp\/v2\/pages\/978\/revisions"}],"predecessor-version":[{"id":1170,"href":"https:\/\/www.standout-watch.com\/fr\/wp-json\/wp\/v2\/pages\/978\/revisions\/1170"}],"wp:attachment":[{"href":"https:\/\/www.standout-watch.com\/fr\/wp-json\/wp\/v2\/media?parent=978"}],"curies":[{"name":"wp","href":"https:\/\/api.w.org\/{rel}","templated":true}]}}