{"id":893,"date":"2017-07-06T11:52:40","date_gmt":"2017-07-06T09:52:40","guid":{"rendered":"https:\/\/www.standout-watch.com\/?post_type=product&#038;p=893\/"},"modified":"2017-07-07T11:12:04","modified_gmt":"2017-07-07T09:12:04","slug":"bracelet-croco-brun","status":"publish","type":"product","link":"https:\/\/www.standout-watch.com\/fr\/produit\/bracelet-croco-brun\/","title":{"rendered":"Bracelet Croco brun"},"content":{"rendered":"<p>Bracelet en cuir v\u00e9ritable, imitation croco, pour montres Standout, brun.<\/p>\n<p>Ce bracelet sera mont\u00e9 sur la montre que vous aurez choisie, le bracelet original vous sera livr\u00e9 aussi, mais s\u00e9par\u00e9 de la montre.<\/p>\n","protected":false},"excerpt":{"rendered":"<p>Bracelet en cuir v\u00e9ritable, imitation croco, pour montres Standout, brun. Ce bracelet sera mont\u00e9 sur la montre que vous aurez choisie, le bracelet original vous sera livr\u00e9 aussi, mais s\u00e9par\u00e9 de la montre.<\/p>\n","protected":false},"featured_media":896,"template":"","meta":[],"product_cat":[49],"product_tag":[],"_links":{"self":[{"href":"https:\/\/www.standout-watch.com\/fr\/wp-json\/wp\/v2\/product\/893"}],"collection":[{"href":"https:\/\/www.standout-watch.com\/fr\/wp-json\/wp\/v2\/product"}],"about":[{"href":"https:\/\/www.standout-watch.com\/fr\/wp-json\/wp\/v2\/types\/product"}],"wp:featuredmedia":[{"embeddable":true,"href":"https:\/\/www.standout-watch.com\/fr\/wp-json\/wp\/v2\/media\/896"}],"wp:attachment":[{"href":"https:\/\/www.standout-watch.com\/fr\/wp-json\/wp\/v2\/media?parent=893"}],"wp:term":[{"taxonomy":"product_cat","embeddable":true,"href":"https:\/\/www.standout-watch.com\/fr\/wp-json\/wp\/v2\/product_cat?post=893"},{"taxonomy":"product_tag","embeddable":true,"href":"https:\/\/www.standout-watch.com\/fr\/wp-json\/wp\/v2\/product_tag?post=893"}],"curies":[{"name":"wp","href":"https:\/\/api.w.org\/{rel}","templated":true}]}}